{"id":759,"date":"2018-02-07T12:35:24","date_gmt":"2018-02-07T12:35:24","guid":{"rendered":"http:\/\/edv-schramek.de\/2018\/?page_id=759"},"modified":"2018-10-19T16:38:40","modified_gmt":"2018-10-19T14:38:40","slug":"zeiterfassung","status":"publish","type":"page","link":"https:\/\/edv-schramek.eu\/2018\/zeiterfassung\/","title":{"rendered":"Zeiterfassung"},"content":{"rendered":"<p>[et_pb_section fb_built=&#8220;1&#8243; admin_label=&#8220;section&#8220; _builder_version=&#8220;3.0.47&#8243;][et_pb_row _builder_version=&#8220;3.0.100&#8243;][et_pb_column type=&#8220;1_4&#8243; _builder_version=&#8220;3.0.100&#8243; parallax=&#8220;off&#8220; parallax_method=&#8220;on&#8220;][et_pb_image src=&#8220;https:\/\/edv-schramek.eu\/2018\/wp-content\/uploads\/2018\/02\/rfid-terminal.jpg&#8220; _builder_version=&#8220;3.0.105&#8243;][\/et_pb_image][\/et_pb_column][et_pb_column type=&#8220;3_4&#8243; _builder_version=&#8220;3.0.100&#8243; parallax=&#8220;off&#8220; parallax_method=&#8220;on&#8220;][et_pb_blurb title=&#8220;Zeiterfassung mit Reiner SCT&#8220; content_max_width=&#8220;1100px&#8220; _builder_version=&#8220;3.0.100&#8243;]Mit einer modernen\u00a0<strong>elektronischen Zeiterfassung<\/strong>\u00a0geh\u00f6ren m\u00fchsam mit der Hand erstellte Stundenzettel der Vergangenheit an. Mitarbeiter erfassen ihre Stunden komfortabel \u00fcber\u00a0<strong>Zeiterfassungsterminals mittels einem Transponder<\/strong>\u00a0oder einer Chipkarte. Die Salden werden automatisch errechnet und die Abrechnung am Monatsende ist ein Kinderspiel.\u00a0<strong>Das spart Kosten<\/strong>\u00a0und sorgt f\u00fcr\u00a0<strong>Klarheit und Transparenz<\/strong>\u00a0bei den Mitarbeitern.<\/p>\n<p>Die Zeiterfassung von Reiner SCT bietet bereits f\u00fcr den Einstieg g\u00fcnstige L\u00f6sungen an. Selbstverst\u00e4ndlich l\u00e4sst sich die Zeiterfassung jederzeit um weitere Funktionen und Terminals erweitern. Die Kosten sind kleiner als Sie denken und rechnen sich schon nach kurzer Zeit.<br \/>\n[\/et_pb_blurb][et_pb_tabs _builder_version=&#8220;3.0.100&#8243; max_width=&#8220;75%&#8220;][et_pb_tab title=&#8220;Alle Vorteile im \u00dcberblick&#8220; _builder_version=&#8220;3.0.100&#8243;]<\/p>\n<ul>\n<li>\u00dcbergeben Sie\u00a0<strong>Salden automatisch in Ihr Lohnbuchhaltungsprogramm<\/strong>\u00a0und sparen Sie so enorm viel Zeit und Kosten<\/li>\n<li>Erh\u00f6hen Sie die Effizienz indem Sie\u00a0<strong>Arbeitszeitkonten flexibel<\/strong>\u00a0verwalten, z.B. durch erstellen eines\u00a0<strong>zweiten Gleitzeitkontos<\/strong><\/li>\n<li>Erfassen Sie zus\u00e4tzlich<strong>\u00a0T\u00e4tigkeiten und Projekte<\/strong>\u00a0in der Projektverwaltung<\/li>\n<li><strong>Reduzieren Sie \u00dcberstunden und Fehlzeiten<\/strong>\u00a0durch \u00fcbersichtliche Reports und Auswertungen<\/li>\n<li><strong>Exportieren Sie alle Daten in Ihre eigene Kalkulation\u00a0<\/strong>z.B. in Excel<\/li>\n<li>Gestalten Sie die\u00a0<strong>Arbeitszeiten flexibler<\/strong>\u00a0und schaffen Sie so bessere Bedingungen f\u00fcr die Vereinbarkeit von Familie und Beruf<\/li>\n<li>Erstellen Sie\u00a0<strong>grafische Mitarbeiter\u00fcbersichten, Arbeitszeitlisten<\/strong>, Listen von Arbeitszeitprofilen und Abwesenheiten<\/li>\n<li>Sorgen Sie f\u00fcr\u00a0<strong>hohes Vertrauen der Mitarbeiter<\/strong>\u00a0durch Transparenz in der Zeiterfassung<\/li>\n<li>Werten Sie schnell und einfach aktuelle Buchungsdaten aus und erstellen Sie<strong>\u00fcbersichtliche Projektauswertungen<\/strong>\u00a0\u00fcber Projektzeiten und T\u00e4tigkeiten<\/li>\n<li>mit der<strong>\u00a0Anwesenheitsanzeige\u00a0<\/strong>sehen Sie genau wer gerade im Haus ist<\/li>\n<\/ul>\n<p>[\/et_pb_tab][et_pb_tab title=&#8220;weitere Features&#8220; _builder_version=&#8220;3.0.100&#8243;]<\/p>\n<ul>\n<li>auch als reine Software L\u00f6sung erh\u00e4ltlich<\/li>\n<li>auch f\u00fcr den mobilen Einsatz geeignet mit der App f\u00fcr Apple und Android Handys<\/li>\n<li>Erfassen Sie Ihre Zeiten direkt im Auto. Mit der Schnittstelle zur Telematik L\u00f6sung von\u00a0<a class=\"extern\" title=\"zur Website von YellowFox\" href=\"http:\/\/www.yellowfox.de\/\" target=\"_blank\" rel=\"noopener\">YellowFox<\/a>\u00a0k\u00f6nnen Sie mobile Mitarbeiter direkt im Fahrzeug anbinden.<\/li>\n<\/ul>\n<p>[\/et_pb_tab][et_pb_tab title=&#8220;Multiterminal&#8220; _builder_version=&#8220;3.0.100&#8243;]<\/p>\n<div class=\"elementStandard elementText\">\n<p><strong>TimeCard Multiterminal RFID<\/strong><\/p>\n<p>An dem designpr\u00e4mierten Multiterminal RFID DES buchen die Mitarbeiter ihre Arbeitszeiten, Abwesenheiten und Projekte. Diese Buchungen werden sofort an den timeCard Server \u00fcbertragen. Auf dem beleuchteten Display k\u00f6nnen die Mitarbeiter ihr tagesaktuelles Urlaubs- und \u00dcberstundenkonto einsehen.<\/p>\n<\/div>\n<div class=\"elementStandard elementContainer elementContainerStandard_var0\">\n<div class=\"col1_70\">\n<div class=\"col_inner col1_70_inner\">\n<div class=\"elementStandard elementText\">\n<p><strong>Die Highlights im \u00dcberblick:<\/strong><\/p>\n<ul>\n<li>Zeiterfassung und Zutrittskontrolle mit neuester RFID-Technologie<\/li>\n<li>H\u00f6chste Sicherheit durch Mifare DESFire RFID-Transponder 13,56 MHz<\/li>\n<li>TCP\/IP Netzwerkschnittstelle standardm\u00e4\u00dfig integriert<\/li>\n<li>Anschl\u00fcsse auch Unterputz m\u00f6glich<\/li>\n<li>Gro\u00dfes, beleuchtetes Display<\/li>\n<li>Hochwertiges, mit dem reddot award ausgezeichnetes Design<\/li>\n<\/ul>\n<\/div>\n<\/div>\n<\/div>\n<\/div>\n<p>[\/et_pb_tab][\/et_pb_tabs][\/et_pb_column][\/et_pb_row][\/et_pb_section][et_pb_section fb_built=&#8220;1&#8243; fullwidth=&#8220;on&#8220; _builder_version=&#8220;3.0.100&#8243;][et_pb_fullwidth_image _builder_version=&#8220;3.0.100&#8243;][\/et_pb_fullwidth_image][\/et_pb_section]<\/p>\n","protected":false},"excerpt":{"rendered":"<p>Mit einer modernen\u00a0elektronischen Zeiterfassung\u00a0geh\u00f6ren m\u00fchsam mit der Hand erstellte Stundenzettel der Vergangenheit an. Mitarbeiter erfassen ihre Stunden komfortabel \u00fcber\u00a0Zeiterfassungsterminals mittels einem Transponder\u00a0oder einer Chipkarte. Die Salden werden automatisch errechnet und die Abrechnung am Monatsende ist ein Kinderspiel.\u00a0Das spart Kosten\u00a0und sorgt f\u00fcr\u00a0Klarheit und Transparenz\u00a0bei den Mitarbeitern. Die Zeiterfassung von Reiner SCT bietet bereits f\u00fcr den Einstieg [&hellip;]<\/p>\n","protected":false},"author":3,"featured_media":0,"parent":0,"menu_order":20,"comment_status":"closed","ping_status":"closed","template":"","meta":{"_et_pb_use_builder":"on","_et_pb_old_content":"","_et_gb_content_width":"","_exactmetrics_skip_tracking":false,"_exactmetrics_sitenote_active":false,"_exactmetrics_sitenote_note":"","_exactmetrics_sitenote_category":0,"footnotes":""},"class_list":["post-759","page","type-page","status-publish","hentry"],"_links":{"self":[{"href":"https:\/\/edv-schramek.eu\/2018\/wp-json\/wp\/v2\/pages\/759"}],"collection":[{"href":"https:\/\/edv-schramek.eu\/2018\/wp-json\/wp\/v2\/pages"}],"about":[{"href":"https:\/\/edv-schramek.eu\/2018\/wp-json\/wp\/v2\/types\/page"}],"author":[{"embeddable":true,"href":"https:\/\/edv-schramek.eu\/2018\/wp-json\/wp\/v2\/users\/3"}],"replies":[{"embeddable":true,"href":"https:\/\/edv-schramek.eu\/2018\/wp-json\/wp\/v2\/comments?post=759"}],"version-history":[{"count":6,"href":"https:\/\/edv-schramek.eu\/2018\/wp-json\/wp\/v2\/pages\/759\/revisions"}],"predecessor-version":[{"id":961,"href":"https:\/\/edv-schramek.eu\/2018\/wp-json\/wp\/v2\/pages\/759\/revisions\/961"}],"wp:attachment":[{"href":"https:\/\/edv-schramek.eu\/2018\/wp-json\/wp\/v2\/media?parent=759"}],"curies":[{"name":"wp","href":"https:\/\/api.w.org\/{rel}","templated":true}]}}