{"id":754,"date":"2018-02-07T12:34:37","date_gmt":"2018-02-07T12:34:37","guid":{"rendered":"http:\/\/edv-schramek.de\/2018\/?page_id=754"},"modified":"2018-10-19T16:37:53","modified_gmt":"2018-10-19T14:37:53","slug":"telefonanlage","status":"publish","type":"page","link":"https:\/\/edv-schramek.eu\/2018\/telefonanlage\/","title":{"rendered":"Telefonanlage"},"content":{"rendered":"<p>[et_pb_section fb_built=&#8220;1&#8243; _builder_version=&#8220;3.0.100&#8243;][et_pb_row custom_padding=&#8220;27px|0px|27px|0px&#8220; _builder_version=&#8220;3.0.100&#8243;][et_pb_column type=&#8220;3_4&#8243; _builder_version=&#8220;3.0.100&#8243; parallax=&#8220;off&#8220; parallax_method=&#8220;on&#8220;][et_pb_blurb title=&#8220;Die Telefonanlage einer neuen Generation&#8220; _builder_version=&#8220;3.0.100&#8243;]&#8220;Bereits seit 2007 revolutioniert die NFON AG die Business-Telefonie &#8211; heute weltweit mit \u00fcber 10.000 Kunden. Die NFON AG ist Europas Marktf\u00fchrer f\u00fcr High-End-Telefonanlagen aus der Cloud. Die NFON GmbH, Tochter der NFON AG, wurde 2009 in St. P\u00f6lten aus der Taufe gehoben. \u00dcber 150 kreative, qualifizierte und leidenschaftliche Mitarbeiter sorgen in M\u00fcnchen, Mainz und dar\u00fcber hinaus in \u00fcber 10 weiteren L\u00e4ndern daf\u00fcr, dass Sie im Gespr\u00e4ch bleiben.<\/p>\n<p>Mit uns zieht die Telefonanlage aus dem B\u00fcro aus \u2013 und in die NFON Hochleistungsrechenzentren ein. \u00dcber eine verschl\u00fcsselte Internetverbindung k\u00f6nnen Sie nun weltweit per Telefon, Computer oder Smartphone auf Ihre Telefonanlage zugreifen und sind dabei stets am klassischen Telefonnetz angeschlossen. Ob lokaler Kleinbetrieb oder internationales Gro\u00dfunternehmen: Wir bedienen mit unserer Cloud-Telefonanlage Unternehmen von 2 bis 249.000 Mitarbeitern.<\/p>\n<p>Standortunabh\u00e4ngig, flexibel, frei und kosteng\u00fcnstig. Und dank lebenslang kostenloser Cloud-Updates immer auf dem neuesten Stand. Wir machen Ihren Arbeitsalltag ein bisschen einfacher. Und Ihre Kommunikation sicherer.&#8220;<\/p>\n<p><a href=\"http:\/\/edv-schramek.de\/2018\/?page_id=903\">Die wesentlichen Vorteile der NFON Telefonanlage auf einen Blick<\/a><\/p>\n<p><a title=\"link\" href=\"http:\/\/www.nfon.com\" target=\"_blank\" rel=\"noopener noreferrer\">Link<\/a> zum Hersteller: <a title=\"nfon.com\" href=\"http:\/\/nfon.com\" target=\"_blank\" rel=\"noopener noreferrer\">nfon.com<\/a><\/p>\n<p>F\u00fcr mehr Informationen oder eine unverbindliche Beratungsanfrage<br \/>\n<a href=\"http:\/\/edv-schramek.de\/2018\/?page_id=768\">bitte hier klicken<\/a><br \/>\n[\/et_pb_blurb][\/et_pb_column][et_pb_column type=&#8220;1_4&#8243; _builder_version=&#8220;3.0.100&#8243; parallax=&#8220;off&#8220; parallax_method=&#8220;on&#8220;][et_pb_image src=&#8220;https:\/\/edv-schramek.eu\/2018\/wp-content\/uploads\/2018\/02\/NFON-Gold-Partner.png&#8220; _builder_version=&#8220;3.0.105&#8243;][\/et_pb_image][\/et_pb_column][\/et_pb_row][et_pb_row use_custom_gutter=&#8220;on&#8220; gutter_width=&#8220;3&#8243; custom_padding=&#8220;27px|0px|27px|0px&#8220; make_equal=&#8220;on&#8220; _builder_version=&#8220;3.0.100&#8243;][et_pb_column type=&#8220;1_2&#8243; _builder_version=&#8220;3.0.100&#8243; parallax=&#8220;off&#8220; parallax_method=&#8220;on&#8220;][et_pb_blurb title=&#8220;So funktioniert die NFON Cloud-Telefonanlage&#8220; _builder_version=&#8220;3.0.100&#8243;]<iframe loading=\"lazy\" src=\"https:\/\/www.youtube.com\/embed\/5yhAo16iuqE\" width=\"854\" height=\"480\" frameborder=\"0\" allowfullscreen=\"allowfullscreen\"><\/iframe>[\/et_pb_blurb][\/et_pb_column][et_pb_column type=&#8220;1_2&#8243; _builder_version=&#8220;3.0.100&#8243; parallax=&#8220;off&#8220; parallax_method=&#8220;on&#8220;][et_pb_blurb title=&#8220;Umstellungsbericht von vienna house zu nfon &#8220; _builder_version=&#8220;3.0.100&#8243;]<iframe loading=\"lazy\" src=\"https:\/\/www.youtube.com\/embed\/qMYbKHfhNao\" width=\"854\" height=\"480\" frameborder=\"0\" allowfullscreen=\"allowfullscreen\"><\/iframe>[\/et_pb_blurb][\/et_pb_column][\/et_pb_row][\/et_pb_section]<\/p>\n","protected":false},"excerpt":{"rendered":"<p>&#8222;Bereits seit 2007 revolutioniert die NFON AG die Business-Telefonie &#8211; heute weltweit mit \u00fcber 10.000 Kunden. Die NFON AG ist Europas Marktf\u00fchrer f\u00fcr High-End-Telefonanlagen aus der Cloud. Die NFON GmbH, Tochter der NFON AG, wurde 2009 in St. P\u00f6lten aus der Taufe gehoben. \u00dcber 150 kreative, qualifizierte und leidenschaftliche Mitarbeiter sorgen in M\u00fcnchen, Mainz und [&hellip;]<\/p>\n","protected":false},"author":3,"featured_media":0,"parent":0,"menu_order":15,"comment_status":"closed","ping_status":"closed","template":"","meta":{"_et_pb_use_builder":"on","_et_pb_old_content":"5","_et_gb_content_width":"","_exactmetrics_skip_tracking":false,"_exactmetrics_sitenote_active":false,"_exactmetrics_sitenote_note":"","_exactmetrics_sitenote_category":0,"footnotes":""},"class_list":["post-754","page","type-page","status-publish","hentry"],"_links":{"self":[{"href":"https:\/\/edv-schramek.eu\/2018\/wp-json\/wp\/v2\/pages\/754"}],"collection":[{"href":"https:\/\/edv-schramek.eu\/2018\/wp-json\/wp\/v2\/pages"}],"about":[{"href":"https:\/\/edv-schramek.eu\/2018\/wp-json\/wp\/v2\/types\/page"}],"author":[{"embeddable":true,"href":"https:\/\/edv-schramek.eu\/2018\/wp-json\/wp\/v2\/users\/3"}],"replies":[{"embeddable":true,"href":"https:\/\/edv-schramek.eu\/2018\/wp-json\/wp\/v2\/comments?post=754"}],"version-history":[{"count":14,"href":"https:\/\/edv-schramek.eu\/2018\/wp-json\/wp\/v2\/pages\/754\/revisions"}],"predecessor-version":[{"id":960,"href":"https:\/\/edv-schramek.eu\/2018\/wp-json\/wp\/v2\/pages\/754\/revisions\/960"}],"wp:attachment":[{"href":"https:\/\/edv-schramek.eu\/2018\/wp-json\/wp\/v2\/media?parent=754"}],"curies":[{"name":"wp","href":"https:\/\/api.w.org\/{rel}","templated":true}]}}